{"id":324,"date":"2022-04-19T07:56:47","date_gmt":"2022-04-19T07:56:47","guid":{"rendered":"https:\/\/lasuiteclub.fr\/?page_id=324"},"modified":"2024-07-31T20:17:35","modified_gmt":"2024-07-31T20:17:35","slug":"mentions-legales","status":"publish","type":"page","link":"https:\/\/lasuiteclub.fr\/en\/mentions-legales\/","title":{"rendered":"legal information"},"content":{"rendered":"<div data-elementor-type=\"wp-page\" data-elementor-id=\"324\" class=\"elementor elementor-324\" data-elementor-post-type=\"page\">\n\t\t\t\t\t\t<section class=\"elementor-section elementor-top-section elementor-element elementor-element-82112f8 elementor-section-height-min-height elementor-section-boxed elementor-section-height-default elementor-section-items-middle\" data-id=\"82112f8\" data-element_type=\"section\" data-e-type=\"section\">\n\t\t\t\t\t\t<div class=\"elementor-container elementor-column-gap-default\">\n\t\t\t\t\t<div class=\"elementor-column elementor-col-100 elementor-top-column elementor-element elementor-element-60da7ad\" data-id=\"60da7ad\" data-element_type=\"column\" data-e-type=\"column\">\n\t\t\t<div class=\"elementor-widget-wrap elementor-element-populated\">\n\t\t\t\t\t\t<div class=\"elementor-element elementor-element-7850d1a elementor-widget elementor-widget-spacer\" data-id=\"7850d1a\" data-element_type=\"widget\" data-e-type=\"widget\" data-widget_type=\"spacer.default\">\n\t\t\t\t<div class=\"elementor-widget-container\">\n\t\t\t\t\t\t\t<div class=\"elementor-spacer\">\n\t\t\t<div class=\"elementor-spacer-inner\"><\/div>\n\t\t<\/div>\n\t\t\t\t\t\t<\/div>\n\t\t\t\t<\/div>\n\t\t\t\t<div class=\"elementor-element elementor-element-ba5239b elementor-widget elementor-widget-heading\" data-id=\"ba5239b\" data-element_type=\"widget\" data-e-type=\"widget\" data-widget_type=\"heading.default\">\n\t\t\t\t<div class=\"elementor-widget-container\">\n\t\t\t\t\t<h2 class=\"elementor-heading-title elementor-size-default\">legal information<\/h2>\t\t\t\t<\/div>\n\t\t\t\t<\/div>\n\t\t\t\t<div class=\"elementor-element elementor-element-cf78e58 elementor-widget elementor-widget-text-editor\" data-id=\"cf78e58\" data-element_type=\"widget\" data-e-type=\"widget\" data-widget_type=\"text-editor.default\">\n\t\t\t\t<div class=\"elementor-widget-container\">\n\t\t\t\t\t\t\t\t\t<p>Ce site web est la propri\u00e9t\u00e9 de l&rsquo;entreprise J A G, soci\u00e9t\u00e9 \u00e0 responsabilit\u00e9 limit\u00e9e, immatricul\u00e9e sous le SIREN 483814364, pour l&rsquo;\u00e9tablissement LA SUITE, situ\u00e9 au 6 avenue Charles de Gaulle, 73100 Aix-les-Bains.<\/p><p>Siret : 48381436400012<\/p><p>G\u00e9rant : Musa CAYLAK<\/p><p>Contact : lasuite73@gmail.com<\/p><p>06 03 39 92 31<\/p><ul><li><b>H\u00e9bergeur<\/b><\/li><\/ul><p>Site web : lasuiteclub.fr<\/p><p>dont l\u2019h\u00e9bergeur est :<\/p><p>\u00a0OVH<br \/>2 rue Kellermann &#8211; 59100 Roubaix &#8211; France<br \/>T\u00e9l\u00e9phone : 1007 (depuis la France) ou +33 9 72 10 10 07 (depuis l&rsquo;\u00e9tranger)<br \/>Site web :<a href=\"http:\/\/www.ovh.com\"> www.ovh.com<\/a><\/p><ul><li><b>Propri\u00e9t\u00e9 intellectuelle<\/b><\/li><\/ul><p>Le Site est une oeuvre de l\u2019esprit prot\u00e9g\u00e9e par la loi. Son contenu, y compris les textes, design, illustrations, photographies et pr\u00e9sentations sont strictement r\u00e9serv\u00e9s au titre du droit d\u2019auteur ainsi qu\u2019au titre de la propri\u00e9t\u00e9 intellectuelle. Il en va de m\u00eame de la base de donn\u00e9es contenue sur le Site. La soci\u00e9t\u00e9 E-Licom vous accorde une licence limit\u00e9e, non-exclusive, r\u00e9vocable, sans droit de sous licencier sur le contenu du Site, et ce, pour les simples acc\u00e8s, navigation et utilisation li\u00e9s au Site. Cette licence ne vous accorde aucun autre droit, en particulier d\u2019exploitation commerciale de ces contenus.<\/p><ul><li><b>Marques<\/b><\/li><\/ul><p>Les d\u00e9nominations sociales, marques et signes distinctifs figurant sur le Site sont prot\u00e9g\u00e9s par la loi fran\u00e7aise et internationale. Toute utilisation, reproduction, diffusion ou repr\u00e9sentation de tout ou partie d\u2019un des signes pr\u00e9cit\u00e9s sans autorisation expresse \u00e9crite est interdite.<\/p><ul><li><b>Donn\u00e9es personnelles<\/b><\/li><\/ul><p>Pour des informations relatives \u00e0 la collecte, le traitement et l\u2019utilisation de vos donn\u00e9es personnelles, nous vous invitons \u00e0 vous r\u00e9f\u00e9rer \u00e0 notre d\u00e9claration relative \u00e0 la protection des donn\u00e9es \u00e0 caract\u00e8re personnel.<\/p>\t\t\t\t\t\t\t\t<\/div>\n\t\t\t\t<\/div>\n\t\t\t\t\t<\/div>\n\t\t<\/div>\n\t\t\t\t\t<\/div>\n\t\t<\/section>\n\t\t\t\t<\/div>","protected":false},"excerpt":{"rendered":"<p>Mentions L\u00e9gales Ce site web est la propri\u00e9t\u00e9 de l&rsquo;entreprise J A G, soci\u00e9t\u00e9 \u00e0 responsabilit\u00e9 limit\u00e9e, immatricul\u00e9e sous le SIREN 483814364, pour l&rsquo;\u00e9tablissement LA SUITE, situ\u00e9 au 6 avenue Charles de Gaulle, 73100 Aix-les-Bains. Siret : 48381436400012 G\u00e9rant : Musa CAYLAK Contact : lasuite73@gmail.com 06 03 39 92 31 H\u00e9bergeur Site web : lasuiteclub.fr [&hellip;]<\/p>\n","protected":false},"author":2,"featured_media":0,"parent":0,"menu_order":0,"comment_status":"closed","ping_status":"closed","template":"","meta":{"footnotes":""},"class_list":["post-324","page","type-page","status-publish","hentry"],"jetpack_sharing_enabled":true,"_links":{"self":[{"href":"https:\/\/lasuiteclub.fr\/en\/wp-json\/wp\/v2\/pages\/324","targetHints":{"allow":["GET"]}}],"collection":[{"href":"https:\/\/lasuiteclub.fr\/en\/wp-json\/wp\/v2\/pages"}],"about":[{"href":"https:\/\/lasuiteclub.fr\/en\/wp-json\/wp\/v2\/types\/page"}],"author":[{"embeddable":true,"href":"https:\/\/lasuiteclub.fr\/en\/wp-json\/wp\/v2\/users\/2"}],"replies":[{"embeddable":true,"href":"https:\/\/lasuiteclub.fr\/en\/wp-json\/wp\/v2\/comments?post=324"}],"version-history":[{"count":43,"href":"https:\/\/lasuiteclub.fr\/en\/wp-json\/wp\/v2\/pages\/324\/revisions"}],"predecessor-version":[{"id":1105,"href":"https:\/\/lasuiteclub.fr\/en\/wp-json\/wp\/v2\/pages\/324\/revisions\/1105"}],"wp:attachment":[{"href":"https:\/\/lasuiteclub.fr\/en\/wp-json\/wp\/v2\/media?parent=324"}],"curies":[{"name":"wp","href":"https:\/\/api.w.org\/{rel}","templated":true}]}}